{"id":87,"date":"2024-08-01T18:18:53","date_gmt":"2024-08-01T16:18:53","guid":{"rendered":"https:\/\/toutdroit.voyage\/?page_id=87"},"modified":"2024-08-31T09:28:03","modified_gmt":"2024-08-31T07:28:03","slug":"presentation-des-wwoofers","status":"publish","type":"page","link":"https:\/\/toutdroit.voyage\/index.php\/presentation-des-wwoofers\/","title":{"rendered":"Pr\u00e9sentation des Wwoofers"},"content":{"rendered":"\n<p><span style=\"font-size: 10pt;\">Toute la famille ne peut pas travailler dans les fermes car la charte du Wwoofing interdit le travail pour les mineurs.&nbsp; Ainsi, les plus de 18 ans seront ouvriers et les autres seront \u00e9coliers.&nbsp;<\/span><\/p>\n<p>&nbsp;<\/p>\n\n\n\n\n\n<p><img loading=\"lazy\" decoding=\"async\" class=\" wp-image-184 alignleft\" src=\"https:\/\/toutdroit.voyage\/wp-content\/uploads\/2024\/08\/IMG_20240819_145158_resized_20240819_025347645-225x300.jpg\" alt=\"\" width=\"222\" height=\"296\" srcset=\"https:\/\/toutdroit.voyage\/wp-content\/uploads\/2024\/08\/IMG_20240819_145158_resized_20240819_025347645-225x300.jpg 225w, https:\/\/toutdroit.voyage\/wp-content\/uploads\/2024\/08\/IMG_20240819_145158_resized_20240819_025347645.jpg 750w\" sizes=\"auto, (max-width: 222px) 100vw, 222px\" \/><\/p>\n<p style=\"text-align: justify;\"><em><strong><span style=\"font-size: 10pt;\">Samuel, le wwoofer basketteur<\/span><\/strong><\/em><\/p>\n<p style=\"text-align: justify;\"><span style=\"font-size: 10pt;\"><strong>Profil<\/strong> : Jeune ado plein de vie de 13 ans. <\/span><span style=\"font-size: 10pt;\">Enthousiaste et dynamique, Samuel est heureux de participer \u00e0 l&rsquo;aventure Wwoofing malgr\u00e9 la distance qui va le s\u00e9parer de ses copains pendant 1 an.<br \/><\/span><span style=\"font-size: 10pt;\"><strong>Samuel aime<\/strong> : les glaces, les USA, les Jordan&rsquo;s, les Spurs, les Lakers (bref, le basket), Star Wars, organiser un voyage \u00e0 T\u00e9n\u00e9rife avec ses copains pour 2034, passer des heures \u00e0 jouer dans l&rsquo;eau, \u00eatre pieds nus, conduire le tracteur de Papou et s&rsquo;\u00e9nerver quand il perd.<br \/><\/span><span style=\"font-size: 10pt;\"><strong>Samuel n&rsquo;aime pas<\/strong> : les l\u00e9gumes, les jeans slim, ses fr\u00e8res (de temps \u00e0 autre), la lecture, se laver et s&rsquo;\u00e9nerver quand il perd.<br \/><\/span><span style=\"font-size: 10pt;\"><strong>Sa bonne r\u00e9solution de l&rsquo;ann\u00e9e<\/strong> : lire ses livres scolaires et manger des l\u00e9gumes verts.<\/span><\/p>\n<p>\u00a0<\/p>\n\n\n\n<div class=\"wp-block-columns has-white-background-color has-background has-small-font-size is-layout-flex wp-container-core-columns-is-layout-9d6595d7 wp-block-columns-is-layout-flex\">\n<div class=\"wp-block-column is-layout-flow wp-block-column-is-layout-flow\" style=\"flex-basis:66.66%\">\n<p><em><strong><span style=\"font-size: 10pt;\">Adam, le wwoofer grimpeur<\/span><\/strong><\/em><\/p>\n<p style=\"text-align: justify;\"><span style=\"font-size: 10pt;\"><strong>Profil<\/strong> : Jeune homme espi\u00e8gle de 15 ans. Emerveill\u00e9 par tout ce qui l&rsquo;entoure, Adam croque la vie \u00e0 pleines dents (d&rsquo;autant plus que son appareil dentaire dispara\u00eet la veille de notre d\u00e9part).<br><\/span><span style=\"font-size: 10pt;\"><strong>Adam aime<\/strong> : les glaces, l&rsquo;escalade (il grimpe sur tout ce qui l&rsquo;entoure, des rampes d&rsquo;escalier aux bords des frigidaires), les massages, la beaut\u00e9 des paysages, l&rsquo;escalade, avoir raison, jouer avec ses fr\u00e8res, r\u00e9fl\u00e9chir pendant des heures au concept de Tenet et l&rsquo;escalade (je l&rsquo;ai d\u00e9j\u00e0 dit ?).<br><\/span><span style=\"font-size: 10pt;\"><strong>Adam n&rsquo;aime pas<\/strong> : ne pas grimper, se r\u00e9veiller grognon, aider aux t\u00e2ches m\u00e9nag\u00e8res et avoir tort.<br><\/span><span style=\"font-size: 10pt; color: initial;\"><strong>Sa bonne r\u00e9solution de l&rsquo;ann\u00e9e<\/strong> : renfo \u00e0 fond !!!<\/span><\/p>\n<p>&nbsp;<\/p>\n<\/div>\n\n\n\n<div class=\"wp-block-column is-vertically-aligned-stretch is-layout-flow wp-block-column-is-layout-flow\" style=\"flex-basis:33.33%\"><div class=\"wp-block-image\">\n<figure class=\"aligncenter size-full is-resized\"><img loading=\"lazy\" decoding=\"async\" width=\"469\" height=\"768\" src=\"https:\/\/toutdroit.voyage\/wp-content\/uploads\/2024\/08\/IMG_20240819_145012_resized_20240819_025348227.jpg\" alt=\"\" class=\"wp-image-188\" style=\"aspect-ratio:0.75;object-fit:cover;width:200px\" srcset=\"https:\/\/toutdroit.voyage\/wp-content\/uploads\/2024\/08\/IMG_20240819_145012_resized_20240819_025348227.jpg 469w, https:\/\/toutdroit.voyage\/wp-content\/uploads\/2024\/08\/IMG_20240819_145012_resized_20240819_025348227-183x300.jpg 183w\" sizes=\"auto, (max-width: 469px) 100vw, 469px\" \/><\/figure>\n<\/div><\/div>\n<\/div>\n\n\n\n<p><strong><span style=\"font-size: 10pt;\"><img loading=\"lazy\" decoding=\"async\" class=\" wp-image-190 alignleft\" src=\"https:\/\/toutdroit.voyage\/wp-content\/uploads\/2024\/08\/IMG_20240819_145058_resized_20240819_025348078-259x300.jpg\" alt=\"\" width=\"226\" height=\"262\" srcset=\"https:\/\/toutdroit.voyage\/wp-content\/uploads\/2024\/08\/IMG_20240819_145058_resized_20240819_025348078-259x300.jpg 259w, https:\/\/toutdroit.voyage\/wp-content\/uploads\/2024\/08\/IMG_20240819_145058_resized_20240819_025348078.jpg 638w\" sizes=\"auto, (max-width: 226px) 100vw, 226px\" \/><em>Nino, le wwoofeur joueur<\/em><\/span><\/strong><\/p>\n<p style=\"text-align: justify;\"><span style=\"font-size: 10pt;\"><strong>Profil<\/strong> : Jeune adulte de 18 ans, inattentif et attentionn\u00e9 (oui, c&rsquo;est possible !). Fan du jeu de cartes Magic The Gathering, Nino traque tous les tournois des alentours.<br><\/span><span style=\"font-size: 10pt;\"><strong>Nino aime<\/strong> : les glaces, lire les r\u00e8gles des jeux (m\u00eame si elles font 50 pages), peindre des figurines, faire plaisir, affirmer des choses dont il n&rsquo;est pas s\u00fbr, rire et faire rire, manger des trucs bizarres tr\u00e8s lentement.<br><\/span><span style=\"font-size: 10pt;\"><strong>Nino n&rsquo;aime pas<\/strong> : les conflits, le sport, les sauces, les films d&rsquo;horreur, rater un avion. <br><\/span><span style=\"font-size: 13.3333px;\"><strong>Sa bonne r\u00e9solution de l&rsquo;ann\u00e9e<\/strong> : prendre de la masse.<br><\/span><\/p>\n<p>&nbsp;<\/p>\n\n\n\n<p><strong><span style=\"font-size: 10pt;\"><img loading=\"lazy\" decoding=\"async\" class=\"size-medium wp-image-191 alignright\" src=\"https:\/\/toutdroit.voyage\/wp-content\/uploads\/2024\/08\/IMG_20240819_145221_resized_20240819_025347923-206x300.jpg\" alt=\"\" width=\"206\" height=\"300\" srcset=\"https:\/\/toutdroit.voyage\/wp-content\/uploads\/2024\/08\/IMG_20240819_145221_resized_20240819_025347923-206x300.jpg 206w, https:\/\/toutdroit.voyage\/wp-content\/uploads\/2024\/08\/IMG_20240819_145221_resized_20240819_025347923.jpg 585w\" sizes=\"auto, (max-width: 206px) 100vw, 206px\" \/><em>Charlotte, la woofeuse permacultureuse<\/em><\/span><\/strong><\/p>\n<p style=\"text-align: justify;\"><span style=\"font-size: 10pt;\"><strong>Profil<\/strong> : Dynamique jeune femme de 46 ans (oui, c&rsquo;est jeune 46!). Actuellement sans emploi, Charlotte s&rsquo;investit \u00e0 fond dans son jardin. Chaque matin, d\u00e8s son r\u00e9veil, elle parle \u00e0 ses plantes pour leur donner un maximum d&rsquo;amour. <br><\/span><span style=\"font-size: 10pt;\"><strong>Charlotte aime<\/strong> : dire bonjour au soleil, jouer du ukulele, profiter de sa famille, lire dans un hamac, manger des kinder, faire des tableaux excel et chanter \u00e0 tue-t\u00eate sur Kenji Girac.<br><\/span><span style=\"font-size: 10pt;\"><strong>Charlotte n&rsquo;aime pas<\/strong> : les glaces, la charge mentale, les conflits, le jeu Gal\u00e9rapagos, avoir la sensation d&rsquo;oublier quelque chose et \u00e9couter des vieilles chansons tristes.<br><\/span><span style=\"font-size: 10pt;\"><strong>Sa r\u00e9solution de l&rsquo;ann\u00e9e<\/strong> : apprendre \u00e0 parler \u00e0 ses plantes en anglais.<\/span><\/p>\n<p>&nbsp;<\/p>\n\n\n\n<p><strong><span style=\"font-size: 10pt;\"><img loading=\"lazy\" decoding=\"async\" class=\"size-medium wp-image-193 alignleft\" src=\"https:\/\/toutdroit.voyage\/wp-content\/uploads\/2024\/08\/IMG_20240819_144923_resized_20240819_025348328-246x300.jpg\" alt=\"\" width=\"246\" height=\"300\" srcset=\"https:\/\/toutdroit.voyage\/wp-content\/uploads\/2024\/08\/IMG_20240819_144923_resized_20240819_025348328-246x300.jpg 246w, https:\/\/toutdroit.voyage\/wp-content\/uploads\/2024\/08\/IMG_20240819_144923_resized_20240819_025348328.jpg 554w\" sizes=\"auto, (max-width: 246px) 100vw, 246px\" \/><em>Simon, le wwoofer travailleur<\/em><\/span><\/strong><\/p>\n<p style=\"text-align: justify;\"><span style=\"font-size: 10pt;\"><strong>Profil<\/strong> : Beau brun taiseux de 48 ans, Simon a h\u00e2te de travailler dur chez nos h\u00f4tes. Il se sent pr\u00eat \u00e0 tron\u00e7onner, tailler, d\u00e9sherber, peindre, construire, traire, chevaucher, \u00e9queuter, creuser &#8230;<br><strong>Simon aime<\/strong> : les glaces, le sport, \u00e9couter des vieilles chansons tristes, couper un arbre \u00e0 la hache, le silence, la mer et \u00ab\u00a0le silence de la mer\u00a0\u00bb.<br><strong>Simon n\u2019aime pas<\/strong> : les gens qui parlent fort, les psys, les crustac\u00e9s, les tron\u00e7onneuses \u00e9mouss\u00e9es, les gens m\u00e9chants et les ronces envahissantes.<br><\/span><span style=\"font-size: 10pt;\"><strong>Sa r\u00e9solution de l&rsquo;ann\u00e9e<\/strong> : voir si \u00e9lever des ch\u00e8vres dans le Larzac est une option pour l&rsquo;avenir.<\/span>&nbsp;<\/p>\n\n\n","protected":false},"excerpt":{"rendered":"<p>Toute la famille ne peut pas travailler dans les fermes car la charte du Wwoofing interdit le travail pour les mineurs.&nbsp; Ainsi, les plus de 18 ans seront ouvriers et les autres seront \u00e9coliers.&nbsp; &nbsp; Samuel, le wwoofer basketteur Profil&hellip; <\/p>\n","protected":false},"author":2,"featured_media":0,"parent":0,"menu_order":0,"comment_status":"open","ping_status":"closed","template":"","meta":{"footnotes":""},"class_list":["post-87","page","type-page","status-publish","hentry"],"_links":{"self":[{"href":"https:\/\/toutdroit.voyage\/index.php\/wp-json\/wp\/v2\/pages\/87","targetHints":{"allow":["GET"]}}],"collection":[{"href":"https:\/\/toutdroit.voyage\/index.php\/wp-json\/wp\/v2\/pages"}],"about":[{"href":"https:\/\/toutdroit.voyage\/index.php\/wp-json\/wp\/v2\/types\/page"}],"author":[{"embeddable":true,"href":"https:\/\/toutdroit.voyage\/index.php\/wp-json\/wp\/v2\/users\/2"}],"replies":[{"embeddable":true,"href":"https:\/\/toutdroit.voyage\/index.php\/wp-json\/wp\/v2\/comments?post=87"}],"version-history":[{"count":50,"href":"https:\/\/toutdroit.voyage\/index.php\/wp-json\/wp\/v2\/pages\/87\/revisions"}],"predecessor-version":[{"id":333,"href":"https:\/\/toutdroit.voyage\/index.php\/wp-json\/wp\/v2\/pages\/87\/revisions\/333"}],"wp:attachment":[{"href":"https:\/\/toutdroit.voyage\/index.php\/wp-json\/wp\/v2\/media?parent=87"}],"curies":[{"name":"wp","href":"https:\/\/api.w.org\/{rel}","templated":true}]}}