{"id":59,"date":"2024-07-12T17:02:00","date_gmt":"2024-07-12T15:02:00","guid":{"rendered":"https:\/\/toutdroit.voyage\/?page_id=59"},"modified":"2024-09-10T08:05:10","modified_gmt":"2024-09-10T06:05:10","slug":"premier-pas","status":"publish","type":"page","link":"https:\/\/toutdroit.voyage\/index.php\/premier-pas\/","title":{"rendered":"Le nom du blog"},"content":{"rendered":"<div class=\"wp-block-image\">\n<figure class=\"alignleft size-large is-resized\"><img loading=\"lazy\" decoding=\"async\" width=\"1024\" height=\"1024\" src=\"https:\/\/toutdroit.voyage\/wp-content\/uploads\/2024\/07\/Logo_haute_resolution-sans-fond-1024x1024.png\" alt=\"\" class=\"wp-image-74\" style=\"width:214px;height:auto\" srcset=\"https:\/\/toutdroit.voyage\/wp-content\/uploads\/2024\/07\/Logo_haute_resolution-sans-fond-1024x1024.png 1024w, https:\/\/toutdroit.voyage\/wp-content\/uploads\/2024\/07\/Logo_haute_resolution-sans-fond-300x300.png 300w, https:\/\/toutdroit.voyage\/wp-content\/uploads\/2024\/07\/Logo_haute_resolution-sans-fond-150x150.png 150w, https:\/\/toutdroit.voyage\/wp-content\/uploads\/2024\/07\/Logo_haute_resolution-sans-fond-768x768.png 768w, https:\/\/toutdroit.voyage\/wp-content\/uploads\/2024\/07\/Logo_haute_resolution-sans-fond-1536x1536.png 1536w, https:\/\/toutdroit.voyage\/wp-content\/uploads\/2024\/07\/Logo_haute_resolution-sans-fond-230x230.png 230w, https:\/\/toutdroit.voyage\/wp-content\/uploads\/2024\/07\/Logo_haute_resolution-sans-fond.png 2000w\" sizes=\"auto, (max-width: 1024px) 100vw, 1024px\" \/><\/figure>\n<\/div>\n\n<p style=\"text-align: justify;\"><span style=\"font-size: 10pt;\">Ah, comme il est difficile de trouver un nom de blog !<\/span><\/p>\n<p style=\"text-align: justify;\"><span style=\"font-size: 10pt;\">D\u00e9j\u00e0 tout seul, c&rsquo;est pas simple mais imaginez \u00e0 5.\u00a0Chacun y va de sa proposition. Une id\u00e9e par ci, une id\u00e9e par l\u00e0&#8230; Et nous voil\u00e0 \u00e0 2 mois du d\u00e9part sans nom. Pire, sans id\u00e9e !\u00a0<\/span><\/p>\n<p style=\"text-align: justify;\"><span style=\"font-size: 10pt;\">De mon c\u00f4t\u00e9, j&rsquo;avais envie d&rsquo;utiliser le mot \u00ab\u00a0terre\u00a0\u00bb pour \u00e9voquer notre tour de la terre et nos mains dans la terre. Bon, pas de r\u00e9el consensus sur ce point. Adam trouve \u00e7a trop \u00ab\u00a0terre \u00e0 terre\u00a0\u00bb justement et aimerait utiliser le mot \u00ab\u00a0horizon\u00a0\u00bb. Nino, disciplin\u00e9, cherche des jeux de mots :\u00a0 \u00ab\u00a0Globe bulle\u00a0\u00bb, \u00ab\u00a0Des terres\u00a0\u00bb, \u00ab\u00a0Un an ferme\u00a0\u00bb, \u00ab\u00a010 pieds sur terre\u00a0\u00bb&#8230;. Simon est d&rsquo;accord avec tout. Samuel, quant \u00e0 lui, semble bien loin de nos pr\u00e9occupations.\u00a0<\/span><\/p>\n<p style=\"text-align: justify;\"><span style=\"font-size: 10pt;\">Bref, d\u00e9pit\u00e9s par les dizaines de propositions qui n&rsquo;aboutissent pas, c&rsquo;est apr\u00e8s plusieurs heures de r\u00e9flexion, de beaux fous rires et quelques prises de t\u00eate que Nino donne tout et trouve <strong>L&rsquo;IDEE<\/strong> !! Il nous sort une r\u00e9f\u00e9rence qui nous plait \u00e0 tous \u00ab\u00a0Deuxi\u00e8me \u00e9toile \u00e0 droite\u00a0\u00bb. C&rsquo;est un clin d&rsquo;oeil au conte de Peter Pan qui illustre bien notre nouvelle aventure : arr\u00eater le temps, d\u00e9couvrir des univers inconnus, prendre des risques, \u00eatre ensemble. Vendu ! Nous sommes tous contents de cette trouvaille (m\u00eame Samuel qui, il me semble, n&rsquo;a m\u00eame pas vu Peter Pan).\u00a0<\/span><\/p>\n<p style=\"text-align: justify;\"><span style=\"font-size: 10pt;\">Rappelons le contexte, nous sommes juste apr\u00e8s les \u00e9lections europ\u00e9ennes o\u00f9 le Rassemblement National a r\u00e9uni une tr\u00e8s (trop) grande majorit\u00e9 de voix. Notre cher Pr\u00e9sident a d\u00e9cid\u00e9 de dissoudre l&rsquo;Assembl\u00e9e Nationale et nous allons voter \u00e0 nouveau pour nos d\u00e9put\u00e9s. En parall\u00e8le, de nouvelles attaques antis\u00e9mites sont m\u00e9diatis\u00e9es. Du coup, forc\u00e9ment, on se questionne \u00e0 la fois sur le mot \u00ab\u00a0droite\u00a0\u00bb et sur le mot \u00ab\u00a0\u00e9toile\u00a0\u00bb. Peter aura-t-il le dessus ? On d\u00e9cide que oui.\u00a0<\/span><\/p>\n<p style=\"text-align: justify;\"><span style=\"font-size: 10pt;\">C&rsquo;est donc avec ravissement que je m&#8217;empresse d&rsquo;\u00e9crire \u00e0 notre informaticien pr\u00e9f\u00e9r\u00e9 : J\u00e9r\u00e9my. C&rsquo;est lui qui a cr\u00e9\u00e9 le blog \u00ab\u00a0Au fil de l&rsquo;eau, au gr\u00e9 du vent\u00a0\u00bb racontant notre ann\u00e9e en bateau et c&rsquo;est \u00e0 nouveau \u00e0 lui que nous confions la lourde charge de cr\u00e9er ce nouveau blog.\u00a0<\/span><\/p>\n<p style=\"text-align: justify;\"><span style=\"font-size: 10pt;\">Son premier retour est enthousiaste. Il appr\u00e9cie la r\u00e9f\u00e9rence au conte et se met \u00e0 l&rsquo;ouvrage rapidement pour nous cr\u00e9er notre site. Cependant, le lendemain, il nous envoie un mail dubitatif en revenant sur notre questionnement initial au regard du contexte politique. La voix de la raison a parl\u00e9. La mort dans l&rsquo;\u00e2me, nous d\u00e9cidons de trouver un autre nom.<\/span><\/p>\n<p style=\"text-align: justify;\"><span style=\"font-size: 10pt;\">Nous repartons donc pour une p\u00e9riode de r\u00e9flexion mais revenons sans cesse sur l&rsquo;histoire de Peter Pan qui nous touche. C&rsquo;est alors que Nino a son second \u00e9clair de g\u00e9nie (et ce sera termin\u00e9 pour le mois \u00e0 venir), \u00ab\u00a0Cette phrase a une suite, dit-il. C&rsquo;est \u00ab\u00a0Deuxi\u00e8me \u00e9toile \u00e0 droite et tout droit jusqu&rsquo;au matin\u00a0\u00bb.\u00a0<\/span><\/p>\n<p style=\"text-align: justify;\"><span style=\"font-size: 10pt;\">Cette \u00e9chappatoire nous semble parfaite. Cette deuxi\u00e8me partie de phrase nous parait m\u00eame encore plus proche de notre projet. Nous allons aller tout droit vers nos h\u00f4tes de Wwoof et le soleil se l\u00e8vera \u00e0 chaque nouvelle rencontre. De plus, voyageant d&rsquo;Ouest en Est, nous avan\u00e7ons vers le lever du soleil. Perfect ! Apr\u00e8s un dernier tour de table, le nom de notre blog est valid\u00e9 par tous. Fin de l&rsquo;histoire. Un grand merci au RN qui nous a permis d&rsquo;\u00eatre au plus pr\u00e8s de nos aspirations ! (Je vois d&rsquo;ici le sourire crisp\u00e9 de certains \u00e0 la lecture de cette derni\u00e8re phrase. Lol !)<\/span><\/p>\n<p style=\"text-align: justify;\"><span style=\"font-size: 10pt;\">A vous maintenant de d\u00e9couvrir le reste de l&rsquo;aventure en suivant nos pas tout droit jusqu&rsquo;au matin&#8230;\u00a0<\/span><\/p>\n\n\n<p><\/p>\n\n\n\n\n\n\n","protected":false},"excerpt":{"rendered":"<p>Ah, comme il est difficile de trouver un nom de blog ! D\u00e9j\u00e0 tout seul, c&rsquo;est pas simple mais imaginez \u00e0 5.\u00a0Chacun y va de sa proposition. Une id\u00e9e par ci, une id\u00e9e par l\u00e0&#8230; Et nous voil\u00e0 \u00e0 2&hellip; <\/p>\n","protected":false},"author":2,"featured_media":0,"parent":0,"menu_order":0,"comment_status":"open","ping_status":"closed","template":"","meta":{"footnotes":""},"class_list":["post-59","page","type-page","status-publish","hentry"],"_links":{"self":[{"href":"https:\/\/toutdroit.voyage\/index.php\/wp-json\/wp\/v2\/pages\/59","targetHints":{"allow":["GET"]}}],"collection":[{"href":"https:\/\/toutdroit.voyage\/index.php\/wp-json\/wp\/v2\/pages"}],"about":[{"href":"https:\/\/toutdroit.voyage\/index.php\/wp-json\/wp\/v2\/types\/page"}],"author":[{"embeddable":true,"href":"https:\/\/toutdroit.voyage\/index.php\/wp-json\/wp\/v2\/users\/2"}],"replies":[{"embeddable":true,"href":"https:\/\/toutdroit.voyage\/index.php\/wp-json\/wp\/v2\/comments?post=59"}],"version-history":[{"count":17,"href":"https:\/\/toutdroit.voyage\/index.php\/wp-json\/wp\/v2\/pages\/59\/revisions"}],"predecessor-version":[{"id":307,"href":"https:\/\/toutdroit.voyage\/index.php\/wp-json\/wp\/v2\/pages\/59\/revisions\/307"}],"wp:attachment":[{"href":"https:\/\/toutdroit.voyage\/index.php\/wp-json\/wp\/v2\/media?parent=59"}],"curies":[{"name":"wp","href":"https:\/\/api.w.org\/{rel}","templated":true}]}}