{"id":460,"date":"2024-09-24T20:11:31","date_gmt":"2024-09-24T18:11:31","guid":{"rendered":"https:\/\/toutdroit.voyage\/?page_id=460"},"modified":"2024-09-24T20:14:44","modified_gmt":"2024-09-24T18:14:44","slug":"la-to-do-list","status":"publish","type":"page","link":"https:\/\/toutdroit.voyage\/index.php\/la-to-do-list\/","title":{"rendered":"La to do list"},"content":{"rendered":"\n<p style=\"text-align: justify;\"><span style=\"font-size: 10pt;\">Pour pr\u00e9parer un tel voyage, il est absolument n\u00e9cessaire d&rsquo;anticiper au maximum certaines choses. Dans notre cas, contrairement \u00e0 notre ann\u00e9e en bateau, il nous a \u00e9t\u00e9 tr\u00e8s difficile d&rsquo;anticiper autant qu&rsquo;il l&rsquo;aurait fallu car nous n&rsquo;avons eu la r\u00e9ponse de l&rsquo;Education Nationale pour l&rsquo;ann\u00e9e de disponibilit\u00e9 de Simon qu&rsquo;au mois d&rsquo;Avril. Nous avons donc d\u00fb nous mettre rapidement au boulot pour avoir le temps de tout pr\u00e9parer avant le d\u00e9part que nous avions fix\u00e9 en m\u00eame temps que la rentr\u00e9e scolaire.<\/span> <span style=\"font-size: 10pt;\">Voici un petit aper\u00e7u de la liste non exhaustive que nous avons \u00e9crite :<b><\/b><\/span><\/p>\n<p><span style=\"font-size: 10pt;\"><strong>PARCOURS\u00a0<\/strong><\/span><\/p>\n<ul>\n<li aria-checked=\"false\" aria-level=\"1\"><span style=\"font-size: 10pt;\">pr\u00e9parer un itin\u00e9raire pr\u00e9visionnel<\/span><\/li>\n<li aria-checked=\"false\" aria-level=\"1\"><span style=\"font-size: 10pt;\">contacter les h\u00f4tes pour trouver des wwoofing<\/span><\/li>\n<li aria-checked=\"false\" aria-level=\"1\"><span style=\"font-size: 10pt;\">caler les dates des wwoofing<\/span><\/li>\n<\/ul>\n<p><span style=\"font-size: 10pt;\"><strong>VOYAGE <\/strong><strong>:<\/strong>\u00a0<\/span><\/p>\n<ul>\n<li aria-checked=\"false\" aria-level=\"1\"><span style=\"font-size: 10pt;\">envoyer demande de devis \u00e0 agence de voyage pour organisation billets Tour du Monde<\/span><\/li>\n<li aria-checked=\"false\" aria-level=\"1\"><span style=\"font-size: 10pt;\">voir pour les documents n\u00e9cessaires administratifs<\/span><\/li>\n<li aria-checked=\"false\" aria-level=\"1\"><span style=\"font-size: 10pt;\">poursuivre les cours d\u2019anglais<\/span><\/li>\n<li aria-checked=\"false\" aria-level=\"1\"><span style=\"font-size: 10pt;\">d\u00e9marrer l\u2019apprentissage de l\u2019espagnol<\/span><\/li>\n<\/ul>\n<p><span style=\"font-size: 10pt;\"><strong>BAGAGES :\u00a0\u00a0<\/strong><\/span><\/p>\n<ul>\n<li aria-checked=\"false\" aria-level=\"1\"><span style=\"font-size: 10pt;\">pr\u00e9voir inventaire de ce que l\u2019on met dans le sac (voir page \u00ab\u00a0inventaire des sacs\u00a0\u00bb)<\/span><\/li>\n<li aria-checked=\"false\" aria-level=\"1\"><span style=\"font-size: 10pt;\">pr\u00e9voir inventaire de la pharmacie mobile<\/span><\/li>\n<li aria-checked=\"false\" aria-level=\"1\"><span style=\"font-size: 10pt;\">acheter une fl\u00fbte irlandaise (finalement tr\u00e8s tr\u00e8s mauvaise id\u00e9e !)<\/span><\/li>\n<li aria-checked=\"false\" aria-level=\"1\"><span style=\"font-size: 10pt;\">acheter une nouvelle liseuse (finalement pr\u00eat\u00e9e g\u00e9n\u00e9reusement par nos cyclo-copains)<\/span><\/li>\n<li aria-checked=\"false\" aria-level=\"1\"><span style=\"font-size: 10pt;\">t\u00e9l\u00e9charger des films et des livres (finalement pas le temps, on aura ceux d&rsquo;il y a 8 ans)<\/span><\/li>\n<li aria-checked=\"false\" aria-level=\"1\"><span style=\"font-size: 10pt;\">acheter un nouvel ordinateur (finalement, on en a achet\u00e9 2 car les deux n\u00f4tres sont HS, \u00e7a fait mal !)<\/span><\/li>\n<li aria-checked=\"false\" aria-level=\"1\"><span style=\"font-size: 10pt;\">v\u00e9rifier que l\u2019abonnement spotify fonctionne \u00e0 l\u2019international (c&rsquo;est ok !)<\/span><\/li>\n<li aria-checked=\"false\" aria-level=\"1\"><span style=\"font-size: 10pt;\">faire une liste avec tous les num\u00e9ros importants\u00a0<\/span><\/li>\n<li aria-checked=\"false\" aria-level=\"1\"><span style=\"font-size: 10pt;\">faire une sauvegarde de son t\u00e9l\u00e9phone (j&rsquo;y arrive pas !!!!!!)<\/span><\/li>\n<li aria-checked=\"false\" aria-level=\"1\"><span style=\"font-size: 10pt;\">pr\u00e9voir les c\u00e2bles pour transf\u00e9rer les photos du t\u00e9l\u00e9phone \u00e0 l\u2019ordi<\/span><\/li>\n<\/ul>\n<p><span style=\"font-size: 10pt;\"><strong>ADMINISTRATIF <\/strong><em><strong>Location de la maison de l\u2019Agrappin<\/strong><\/em><\/span><\/p>\n<ul>\n<li aria-checked=\"false\" aria-level=\"1\"><span style=\"font-size: 10pt;\">faire des photos de la maison et r\u00e9diger l\u2019annonce<\/span><\/li>\n<li aria-checked=\"false\" aria-level=\"1\"><span style=\"font-size: 10pt;\">mettre la maison en location sur le bon coin<\/span><\/li>\n<li aria-checked=\"false\" aria-level=\"1\"><span style=\"font-size: 10pt;\">faire visiter la maison<\/span><\/li>\n<li aria-checked=\"false\" aria-level=\"1\"><span style=\"font-size: 10pt;\">r\u00e9diger le bail de location : pr\u00e9voir forfait pour les frais EDF, GDF et eau et remboursement au r\u00e9el sur factures<\/span><\/li>\n<li aria-checked=\"false\" aria-level=\"1\"><span style=\"font-size: 10pt;\">r\u00e9cup\u00e9rer le bail sign\u00e9<\/span><\/li>\n<li aria-checked=\"false\" aria-level=\"1\"><span style=\"font-size: 10pt;\">cr\u00e9er l\u2019ensemble des documents pour le suivi de la location : quittance, inventaire<\/span><\/li>\n<li aria-checked=\"false\" aria-level=\"1\"><span style=\"font-size: 10pt;\">rangement de la maison\u00a0<\/span><\/li>\n<li aria-checked=\"false\" aria-level=\"1\"><span style=\"font-size: 10pt;\">mise en cartons pour le d\u00e9m\u00e9nagement<\/span><\/li>\n<li aria-checked=\"false\" aria-level=\"1\"><span style=\"font-size: 10pt;\">refaire une mise au propre de la maison et quelques travaux si besoin<\/span><\/li>\n<\/ul>\n<p><span style=\"font-size: 10pt;\"><em><strong>Contrats\/assurances :\u00a0<\/strong><\/em><\/span><\/p>\n<ul>\n<li aria-checked=\"false\" aria-level=\"1\"><span style=\"font-size: 10pt;\">MAIF : voir pour pr\u00eat de la voiture et changement d\u2019assurance maison pour la d\u00e9clarer en\u00a0 location<\/span><\/li>\n<li aria-checked=\"false\" aria-level=\"1\"><span style=\"font-size: 10pt;\">MAIF : voir quelle prise en charge \u00ab\u00a0assistance en cas d&rsquo;accident\u00a0\u00bb\u00a0 pour un tour du monde<\/span><\/li>\n<li aria-checked=\"false\" aria-level=\"1\"><span style=\"font-size: 10pt;\">T\u00e9l\u00e9phones portables : voir si changement de forfait pour l\u2019international pour un t\u00e9l\u00e9phone et le reste \u00e0 2 \u20ac<\/span><\/li>\n<li aria-checked=\"false\" aria-level=\"1\"><span style=\"font-size: 10pt;\">Arr\u00eater l&rsquo;abonnement internet<\/span><\/li>\n<\/ul>\n<p><span style=\"font-size: 10pt;\"><em><strong>Papiers :\u00a0<\/strong><\/em><\/span><\/p>\n<ul>\n<li aria-checked=\"false\" aria-level=\"1\"><span style=\"font-size: 10pt;\">commander cartes europ\u00e9ennes d\u2019assurance maladie\u00a0<\/span><\/li>\n<li aria-checked=\"false\" aria-level=\"1\"><span style=\"font-size: 10pt;\">refaire les passeports des enfants<\/span><\/li>\n<li aria-checked=\"false\" aria-level=\"1\"><span style=\"font-size: 10pt;\">refaire les cartes d\u2019identit\u00e9 des enfants<\/span><\/li>\n<li aria-checked=\"false\" aria-level=\"1\"><span style=\"font-size: 10pt;\">faire demande de permis international (attention, il faut au minimum 5 mois pour le recevoir !)<\/span><\/li>\n<li aria-checked=\"false\" aria-level=\"1\"><span style=\"font-size: 10pt;\">voir pour les visas n\u00e9cessaires en fonction des pays choisis<\/span><\/li>\n<\/ul>\n<p><span style=\"font-size: 10pt;\"><em><strong>Banque :\u00a0<\/strong><\/em><\/span><\/p>\n<ul>\n<li aria-checked=\"false\" aria-level=\"1\"><span style=\"font-size: 10pt;\">faire le point sur les cartes bancaires\u00a0<\/span><\/li>\n<li aria-checked=\"false\" aria-level=\"1\"><span style=\"font-size: 10pt;\">faire le point avec la banque pour retrait de l\u2019argent pour l\u2019ann\u00e9e<\/span><\/li>\n<li aria-checked=\"false\" aria-level=\"1\"><span style=\"font-size: 10pt;\">refaire le point pr\u00e9cis\u00e9ment avec Visa premier pour les assurances<\/span><\/li>\n<li aria-checked=\"false\" aria-level=\"1\"><span style=\"font-size: 10pt;\">au moment du d\u00e9part, envoyer mail \u00e0 la banque pour enregistrer notre d\u00e9part et pr\u00e9venir la cellule fraude<\/span><\/li>\n<li aria-checked=\"false\" aria-level=\"1\"><span style=\"font-size: 10pt;\">mettre l\u2019option internationale sur nos CB<\/span><\/li>\n<\/ul>\n<p><span style=\"font-size: 10pt;\"><em><strong>Budget :\u00a0<\/strong><\/em><\/span><\/p>\n<ul>\n<li aria-checked=\"false\" aria-level=\"1\"><span style=\"font-size: 10pt;\">pr\u00e9parer un budget pr\u00e9visionnel par pays\u00a0<\/span><\/li>\n<li aria-checked=\"false\" aria-level=\"1\"><span style=\"font-size: 10pt;\">cr\u00e9er un outil de suivi budg\u00e9taire<\/span><\/li>\n<\/ul>\n<p><span style=\"font-size: 10pt;\"><em><strong>Divers :\u00a0<\/strong><\/em><\/span><\/p>\n<ul>\n<li aria-checked=\"false\" aria-level=\"1\"><span style=\"font-size: 10pt;\">faire le transfert de courrier \u00e0 Bourdon pour l\u2019ann\u00e9e<\/span><\/li>\n<li aria-checked=\"false\" aria-level=\"1\"><span style=\"font-size: 10pt;\">num\u00e9riser tous les documents administratifs<\/span><\/li>\n<li aria-checked=\"false\" aria-level=\"1\"><span style=\"font-size: 10pt;\">faire procuration \u00e0 Papa pour acc\u00e9der \u00e0 nos comptes si besoin\u00a0<\/span><\/li>\n<\/ul>\n<p><span style=\"font-size: 10pt;\"><strong>SANT\u00c9 :\u00a0<\/strong><\/span><\/p>\n<ul>\n<li aria-checked=\"false\" aria-level=\"1\"><span style=\"font-size: 10pt;\">voir pour les vaccins obligatoires \u00e0 faire avant le d\u00e9part<\/span><\/li>\n<li aria-checked=\"false\" aria-level=\"1\"><span style=\"font-size: 10pt;\">prendre RV chez le m\u00e9decin pour tout le monde avant de partir pour faire un check up<\/span><\/li>\n<li aria-checked=\"false\" aria-level=\"1\"><span style=\"font-size: 10pt;\">prendre RV chez le dentiste pour tout le monde<\/span><\/li>\n<li aria-checked=\"false\" aria-level=\"1\"><span style=\"font-size: 10pt;\">demander une ordonnance de 12 mois pour la contraception<\/span><\/li>\n<li aria-checked=\"false\" aria-level=\"1\"><span style=\"font-size: 10pt;\">voir avec la MAIF + Ameli pour les d\u00e9tails de l\u2019assurance\u00a0<\/span><\/li>\n<li aria-checked=\"false\" aria-level=\"1\"><span style=\"font-size: 10pt;\">suspendre 1 an nos mutuelles\u00a0\u00a0<\/span><\/li>\n<li aria-checked=\"false\" aria-level=\"1\"><span style=\"font-size: 10pt;\">demander \u00e0 notre m\u00e9decin pr\u00e9f\u00e9r\u00e9e les ordonnances pour l&rsquo;ensemble des m\u00e9dicaments dont nous pourrions avoir besoin<\/span><\/li>\n<\/ul>\n<p><span style=\"font-size: 10pt;\"><strong>COMMUNICATION :\u00a0<\/strong><\/span><\/p>\n<ul>\n<li><span style=\"font-size: 10pt;\">cr\u00e9er un instagram \u00ab\u00a0Tout droit jusqu&rsquo;au matin\u00a0\u00bb (pour les d&rsquo;jeun&rsquo;s !)<\/span><\/li>\n<li aria-checked=\"false\" aria-level=\"1\"><span style=\"font-size: 10pt;\">concevoir un blog (pour les moins d&rsquo;jeun&rsquo;s): voir avec J\u00e9r\u00e9mie<\/span><\/li>\n<li aria-checked=\"false\" aria-level=\"1\"><span style=\"font-size: 10pt;\">cr\u00e9er le logo du blog<\/span><\/li>\n<li aria-checked=\"false\" aria-level=\"1\"><span style=\"font-size: 10pt;\">cr\u00e9er carte de visite avec l\u2019adresse du blog<\/span><\/li>\n<li aria-checked=\"false\" aria-level=\"1\"><span style=\"font-size: 10pt;\">faire imprimer des tee-shirt avec le logo<\/span><\/li>\n<li aria-checked=\"false\" aria-level=\"1\"><span style=\"font-size: 10pt;\">tester le blog pour une utilisation optimale pendant l\u2019ann\u00e9e (insertion textes, photos, vid\u00e9os\u2026)<\/span><\/li>\n<li aria-checked=\"false\" aria-level=\"1\"><span style=\"font-size: 10pt;\">voir quelle application pour montage vid\u00e9o<\/span><\/li>\n<li aria-checked=\"false\" aria-level=\"1\"><span style=\"font-size: 10pt;\">envoyer texto \u00e0 tous les amis pour les informer de notre d\u00e9part<\/span><\/li>\n<li aria-checked=\"false\" aria-level=\"1\"><span style=\"font-size: 10pt;\">pr\u00e9voir une petite f\u00eate de d\u00e9part<\/span><\/li>\n<\/ul>\n<p><span style=\"font-size: 10pt;\"><strong>SCOLARITE<\/strong><\/span><\/p>\n<ul>\n<li><span style=\"font-size: 10pt;\">\u00e9crire courrier \u00e0 l\u2019inspection acad\u00e9mique pour pr\u00e9venir de notre d\u00e9part<\/span><\/li>\n<li aria-checked=\"false\" aria-level=\"1\"><span style=\"font-size: 10pt;\">prendre RV avec la proviseure du coll\u00e8ge de Samuel pour voir n\u00e9cessit\u00e9 du CNED pour lui (finalement c&rsquo;est n\u00e9cessaire)<\/span><\/li>\n<li aria-checked=\"false\" aria-level=\"1\"><span style=\"font-size: 10pt;\">faire inscription au CNED pour Adam (et Samuel du coup)<\/span><\/li>\n<li aria-checked=\"false\" aria-level=\"1\"><span style=\"font-size: 10pt;\">emporter des supports de cours : cahier, crayons\u2026 (on a oubli\u00e9 la calculatrice, le rapporteur, l&rsquo;\u00e9querre et du papier)<\/span><\/li>\n<li aria-checked=\"false\" aria-level=\"1\"><span style=\"font-size: 10pt;\">voir comment rester en contact\u00a0 avec le coll\u00e8ge pour Samuel (instagram? appel visio?)<\/span><\/li>\n<\/ul>\n\n\n","protected":false},"excerpt":{"rendered":"<p>Pour pr\u00e9parer un tel voyage, il est absolument n\u00e9cessaire d&rsquo;anticiper au maximum certaines choses. Dans notre cas, contrairement \u00e0 notre ann\u00e9e en bateau, il nous a \u00e9t\u00e9 tr\u00e8s difficile d&rsquo;anticiper autant qu&rsquo;il l&rsquo;aurait fallu car nous n&rsquo;avons eu la r\u00e9ponse&hellip; <\/p>\n","protected":false},"author":2,"featured_media":0,"parent":0,"menu_order":0,"comment_status":"open","ping_status":"closed","template":"","meta":{"footnotes":""},"class_list":["post-460","page","type-page","status-publish","hentry"],"_links":{"self":[{"href":"https:\/\/toutdroit.voyage\/index.php\/wp-json\/wp\/v2\/pages\/460","targetHints":{"allow":["GET"]}}],"collection":[{"href":"https:\/\/toutdroit.voyage\/index.php\/wp-json\/wp\/v2\/pages"}],"about":[{"href":"https:\/\/toutdroit.voyage\/index.php\/wp-json\/wp\/v2\/types\/page"}],"author":[{"embeddable":true,"href":"https:\/\/toutdroit.voyage\/index.php\/wp-json\/wp\/v2\/users\/2"}],"replies":[{"embeddable":true,"href":"https:\/\/toutdroit.voyage\/index.php\/wp-json\/wp\/v2\/comments?post=460"}],"version-history":[{"count":4,"href":"https:\/\/toutdroit.voyage\/index.php\/wp-json\/wp\/v2\/pages\/460\/revisions"}],"predecessor-version":[{"id":465,"href":"https:\/\/toutdroit.voyage\/index.php\/wp-json\/wp\/v2\/pages\/460\/revisions\/465"}],"wp:attachment":[{"href":"https:\/\/toutdroit.voyage\/index.php\/wp-json\/wp\/v2\/media?parent=460"}],"curies":[{"name":"wp","href":"https:\/\/api.w.org\/{rel}","templated":true}]}}