{"id":335,"date":"2024-09-09T13:56:45","date_gmt":"2024-09-09T11:56:45","guid":{"rendered":"https:\/\/toutdroit.voyage\/?page_id=335"},"modified":"2024-09-09T13:56:46","modified_gmt":"2024-09-09T11:56:46","slug":"carnet-de-voyage-2","status":"publish","type":"page","link":"https:\/\/toutdroit.voyage\/index.php\/carnet-de-voyage-2\/","title":{"rendered":"Carnet de voyage"},"content":{"rendered":"\n<p>Dans ce carnet de voyage, vous trouverez le r\u00e9cit de notre ann\u00e9e de Wwoofing. Il est le gardien de la trace que nous voulons conserver de notre aventure.<br \/>Il est con\u00e7u en fonction des pays travers\u00e9s.<br \/>Il sera r\u00e9dig\u00e9 par les uns ou les autres suivant l\u2019humeur du jour. <br \/>Parfois il sera \u00e9crit quotidiennement et parfois il d\u00e9crira des p\u00e9riodes enti\u00e8res.\u00a0<br \/>Parfois il sera prolixe et parfois laconique.<br \/>Parfois il sera dr\u00f4le et parfois non.\u00a0<br \/>Parfois il pourra r\u00e9v\u00e9ler\u00a0quelques exercices de style au d\u00e9tour d&rsquo;une exp\u00e9rience particuli\u00e8re et parfois le style sera simple et direct.<br \/>Bref, ce sera pas \u00ab\u00a0carr\u00e9\u00a0\u00bb comme disent nos d&rsquo;jeun&rsquo;s.\u00a0<\/p>\n<p>Et \u00e9videmment, nous vous remercions par avance pour votre indulgence quant aux \u00e9ventuelles photes d\u2019ortaugrafe, de gramm\u00e8re ou de conjug\u00e9zon qui se seraient gliss\u00e9es ici ou l\u00e0 \ud83d\ude42.\u00a0<br \/>Bonne lecture et n&rsquo;h\u00e9sitez pas \u00e0 nous laisser des commentaires.\u00a0<\/p>\n\n\n","protected":false},"excerpt":{"rendered":"<p>Dans ce carnet de voyage, vous trouverez le r\u00e9cit de notre ann\u00e9e de Wwoofing. Il est le gardien de la trace que nous voulons conserver de notre aventure.Il est con\u00e7u en fonction des pays travers\u00e9s.Il sera r\u00e9dig\u00e9 par les uns&hellip; <\/p>\n","protected":false},"author":2,"featured_media":0,"parent":0,"menu_order":0,"comment_status":"closed","ping_status":"closed","template":"","meta":{"footnotes":""},"class_list":["post-335","page","type-page","status-publish","hentry"],"_links":{"self":[{"href":"https:\/\/toutdroit.voyage\/index.php\/wp-json\/wp\/v2\/pages\/335","targetHints":{"allow":["GET"]}}],"collection":[{"href":"https:\/\/toutdroit.voyage\/index.php\/wp-json\/wp\/v2\/pages"}],"about":[{"href":"https:\/\/toutdroit.voyage\/index.php\/wp-json\/wp\/v2\/types\/page"}],"author":[{"embeddable":true,"href":"https:\/\/toutdroit.voyage\/index.php\/wp-json\/wp\/v2\/users\/2"}],"replies":[{"embeddable":true,"href":"https:\/\/toutdroit.voyage\/index.php\/wp-json\/wp\/v2\/comments?post=335"}],"version-history":[{"count":1,"href":"https:\/\/toutdroit.voyage\/index.php\/wp-json\/wp\/v2\/pages\/335\/revisions"}],"predecessor-version":[{"id":337,"href":"https:\/\/toutdroit.voyage\/index.php\/wp-json\/wp\/v2\/pages\/335\/revisions\/337"}],"wp:attachment":[{"href":"https:\/\/toutdroit.voyage\/index.php\/wp-json\/wp\/v2\/media?parent=335"}],"curies":[{"name":"wp","href":"https:\/\/api.w.org\/{rel}","templated":true}]}}