{"id":232,"date":"2024-08-21T10:33:50","date_gmt":"2024-08-21T08:33:50","guid":{"rendered":"https:\/\/toutdroit.voyage\/?page_id=232"},"modified":"2024-09-10T14:31:22","modified_gmt":"2024-09-10T12:31:22","slug":"remerciements","status":"publish","type":"page","link":"https:\/\/toutdroit.voyage\/index.php\/remerciements\/","title":{"rendered":"Remerciements"},"content":{"rendered":"\n<p><span style=\"font-size: 10pt;\">Nous tenions \u00e0 remercier toutes les personnes qui nous ont encourag\u00e9s \u00e0 r\u00e9aliser cette deuxi\u00e8me ann\u00e9e r\u00eav\u00e9e.\u00a0<\/span><\/p>\n<p><span style=\"font-size: 10pt;\">Merci particulier \u00e0 :<\/span><\/p>\n<ul style=\"list-style-type: circle;\">\n<li><span style=\"font-size: 10pt;\">Papou et Mamou pour leur accueil de notre famille SDF durant les derni\u00e8res semaines avant le d\u00e9part<\/span><\/li>\n<li><span style=\"font-size: 10pt;\">J\u00e9r\u00e9mie qui a con\u00e7u la structure de ce blog.<\/span><\/li>\n<li><span style=\"font-size: 10pt;\">Ambre pour ses cours particuliers sur Insta<\/span><\/li>\n<li><span style=\"font-size: 10pt;\">Marie pour ses paroles r\u00e9confortantes dans les moments de doute<\/span><\/li>\n<\/ul>\n","protected":false},"excerpt":{"rendered":"<p>Nous tenions \u00e0 remercier toutes les personnes qui nous ont encourag\u00e9s \u00e0 r\u00e9aliser cette deuxi\u00e8me ann\u00e9e r\u00eav\u00e9e.\u00a0 Merci particulier \u00e0 : Papou et Mamou pour leur accueil de notre famille SDF durant les derni\u00e8res semaines avant le d\u00e9part J\u00e9r\u00e9mie qui&hellip; <\/p>\n","protected":false},"author":2,"featured_media":0,"parent":0,"menu_order":0,"comment_status":"open","ping_status":"closed","template":"","meta":{"footnotes":""},"class_list":["post-232","page","type-page","status-publish","hentry"],"_links":{"self":[{"href":"https:\/\/toutdroit.voyage\/index.php\/wp-json\/wp\/v2\/pages\/232","targetHints":{"allow":["GET"]}}],"collection":[{"href":"https:\/\/toutdroit.voyage\/index.php\/wp-json\/wp\/v2\/pages"}],"about":[{"href":"https:\/\/toutdroit.voyage\/index.php\/wp-json\/wp\/v2\/types\/page"}],"author":[{"embeddable":true,"href":"https:\/\/toutdroit.voyage\/index.php\/wp-json\/wp\/v2\/users\/2"}],"replies":[{"embeddable":true,"href":"https:\/\/toutdroit.voyage\/index.php\/wp-json\/wp\/v2\/comments?post=232"}],"version-history":[{"count":4,"href":"https:\/\/toutdroit.voyage\/index.php\/wp-json\/wp\/v2\/pages\/232\/revisions"}],"predecessor-version":[{"id":366,"href":"https:\/\/toutdroit.voyage\/index.php\/wp-json\/wp\/v2\/pages\/232\/revisions\/366"}],"wp:attachment":[{"href":"https:\/\/toutdroit.voyage\/index.php\/wp-json\/wp\/v2\/media?parent=232"}],"curies":[{"name":"wp","href":"https:\/\/api.w.org\/{rel}","templated":true}]}}