{"id":221,"date":"2024-08-20T19:44:35","date_gmt":"2024-08-20T17:44:35","guid":{"rendered":"https:\/\/toutdroit.voyage\/?page_id=221"},"modified":"2024-08-31T09:27:28","modified_gmt":"2024-08-31T07:27:28","slug":"le-projet","status":"publish","type":"page","link":"https:\/\/toutdroit.voyage\/index.php\/le-projet\/","title":{"rendered":"Le projet"},"content":{"rendered":"\n<p><span style=\"font-size: 10pt;\"><em><strong>Samedi 31 ao\u00fbt 2024<\/strong><\/em><\/span><\/p>\n<p style=\"text-align: justify;\"><span style=\"font-size: 10pt;\">Bonjour \u00e0 tous,<\/span><\/p>\n<p style=\"text-align: justify;\"><span style=\"font-size: 10pt;\">Aujourd\u2019hui est un grand jour : c\u2019est le jour de la mise en ligne officielle de notre blog, le carnet de route qui nous suivra tout au long de cette ann\u00e9e. <\/span><\/p>\n<p style=\"text-align: justify;\"><span style=\"font-size: 10pt;\">Alors, \u00e0 quoi \u00e7a sert de faire un blog?<\/span><\/p>\n<p style=\"text-align: justify;\"><span style=\"font-size: 10pt; color: initial;\">\u00a0&#8211; On est en 2024, maman, il faut vivre avec son temps ! Le blog c&rsquo;est d\u00e9pass\u00e9 ! Il faut faire un Insta ou un Tik Tok.\u00a0<\/span><\/p>\n<p style=\"text-align: justify;\"><span style=\"font-size: 10pt;\">\u00a0&#8211; Eh bien, mes enfants, un blog \u00e7a sert pour les vieux qui n&rsquo;ont pas Instagram et Tik Tok et qui ont le go\u00fbt d&rsquo;une lecture plus d\u00e9taill\u00e9e de nos aventures. Mais comme je suis une maman 2.0 (il faut bien s&rsquo;adapter \u00e0 son temps), je vais aussi faire un compte Instagram ! Et tok !<\/span><\/p>\n<p style=\"text-align: justify;\"><span style=\"font-size: 10pt;\">Et c&rsquo;est ainsi que d\u00e9marre le partage de notre projet : la cr\u00e9ation de ces deux espaces pour nous suivre tout au long de l&rsquo;ann\u00e9e. C\u2019est en quelque sorte le premier pas symbolique du d\u00e9but de notre p\u00e9riple.<\/span><\/p>\n<p style=\"text-align: justify;\"><span style=\"font-size: 10pt;\">Ainsi, bienvenue \u00e0 vous qui \u00eates cat\u00e9goris\u00e9s dores et d\u00e9j\u00e0 dans les \u00ab\u00a0vieux\u00a0\u00bb par la simple lecture de ces quelques lignes ! D\u00e9sol\u00e9e !<\/span>\u00a0<\/p>\n<p style=\"text-align: justify;\"><span style=\"font-size: 10pt;\">Sans ambition litt\u00e9raire ou artistique, ce blog nous permettra de garder une trace de notre p\u00e9riple et de rester en contact . Et \u00e7a, c\u2019est rudement important dans une telle aventure. D&rsquo;autant plus que les enfants sont grands aujourd&rsquo;hui et qu&rsquo;il ne leur est pas simple de se s\u00e9parer de leurs amis et de leur confort quotidien.\u00a0<\/span><\/p>\n<p style=\"text-align: justify;\"><span style=\"font-size: 10pt;\">Vous trouverez une partie expliquant notre projet, une autre pour nos pr\u00e9paratifs. Ensuite, le blog sera constitu\u00e9 d&rsquo;articles chronologiques regroup\u00e9s par pays dans la section \u00ab\u00a0Carnet de voyage\u00a0\u00bb.\u00a0<\/span><\/p>\n<p style=\"text-align: justify;\"><span style=\"font-size: 10pt;\">La section Bonus n&rsquo;est pas encore tr\u00e8s claire mais nous sommes s\u00fbrs qu&rsquo;il y en aura, des bonus, <\/span><span style=\"font-size: 10pt;\">mais de quel ordre ?\u00a0<\/span><\/p>\n<p style=\"text-align: justify;\"><span style=\"font-size: 10pt;\">N\u2019h\u00e9sitez pas \u00e0 nous laisser des commentaires \u00e0 partir de la page li\u00e9e aux articles.\u00a0<\/span><\/p>\n<p style=\"text-align: justify;\"><span style=\"font-size: 10pt;\">Belle ann\u00e9e \u00e0 tous et bonne lecture !<\/span><\/p>\n<p style=\"text-align: justify;\">\u00a0<\/p>\n","protected":false},"excerpt":{"rendered":"<p>Samedi 31 ao\u00fbt 2024 Bonjour \u00e0 tous, Aujourd\u2019hui est un grand jour : c\u2019est le jour de la mise en ligne officielle de notre blog, le carnet de route qui nous suivra tout au long de cette ann\u00e9e. Alors, \u00e0&hellip; <\/p>\n","protected":false},"author":2,"featured_media":0,"parent":0,"menu_order":0,"comment_status":"open","ping_status":"closed","template":"","meta":{"footnotes":""},"class_list":["post-221","page","type-page","status-publish","hentry"],"_links":{"self":[{"href":"https:\/\/toutdroit.voyage\/index.php\/wp-json\/wp\/v2\/pages\/221","targetHints":{"allow":["GET"]}}],"collection":[{"href":"https:\/\/toutdroit.voyage\/index.php\/wp-json\/wp\/v2\/pages"}],"about":[{"href":"https:\/\/toutdroit.voyage\/index.php\/wp-json\/wp\/v2\/types\/page"}],"author":[{"embeddable":true,"href":"https:\/\/toutdroit.voyage\/index.php\/wp-json\/wp\/v2\/users\/2"}],"replies":[{"embeddable":true,"href":"https:\/\/toutdroit.voyage\/index.php\/wp-json\/wp\/v2\/comments?post=221"}],"version-history":[{"count":11,"href":"https:\/\/toutdroit.voyage\/index.php\/wp-json\/wp\/v2\/pages\/221\/revisions"}],"predecessor-version":[{"id":323,"href":"https:\/\/toutdroit.voyage\/index.php\/wp-json\/wp\/v2\/pages\/221\/revisions\/323"}],"wp:attachment":[{"href":"https:\/\/toutdroit.voyage\/index.php\/wp-json\/wp\/v2\/media?parent=221"}],"curies":[{"name":"wp","href":"https:\/\/api.w.org\/{rel}","templated":true}]}}